{"id":3,"date":"2023-01-24T13:15:28","date_gmt":"2023-01-24T13:15:28","guid":{"rendered":"http:\/\/facibloc-11-34.fr\/?page_id=3"},"modified":"2023-04-20T13:50:25","modified_gmt":"2023-04-20T13:50:25","slug":"politique-de-confidentialite","status":"publish","type":"page","link":"https:\/\/facibloc-11-34.fr\/?page_id=3","title":{"rendered":"Politique de confidentialit\u00e9"},"content":{"rendered":"<style>.kb-row-layout-id_76a736-53 > .kt-row-column-wrap{align-content:start;}:where(.kb-row-layout-id_76a736-53 > .kt-row-column-wrap) > .wp-block-kadence-column{justify-content:start;}.kb-row-layout-id_76a736-53 > .kt-row-column-wrap{column-gap:var(--global-kb-gap-md, 2rem);row-gap:var(--global-kb-gap-md, 2rem);max-width:700px;margin-left:auto;margin-right:auto;padding-top:0px;padding-bottom:0px;grid-template-columns:minmax(0, 1fr);}.kb-row-layout-id_76a736-53 > .kt-row-layout-overlay{opacity:0.30;}@media all and (max-width: 1024px){.kb-row-layout-id_76a736-53 > .kt-row-column-wrap{grid-template-columns:minmax(0, 1fr);}}@media all and (max-width: 767px){.kb-row-layout-id_76a736-53 > .kt-row-column-wrap{grid-template-columns:minmax(0, 1fr);}}<\/style><div class=\"kb-row-layout-wrap kb-row-layout-id_76a736-53 alignnone wp-block-kadence-rowlayout\"><div class=\"kt-row-column-wrap kt-has-1-columns kt-row-layout-equal kt-tab-layout-inherit kt-mobile-layout-row kt-row-valign-top\">\n<style>.kadence-column_3d21b4-10, .kt-inside-inner-col > .kadence-column_3d21b4-10:not(.specificity){margin-right:-50px;margin-left:-50px;}.kadence-column_3d21b4-10 > .kt-inside-inner-col{padding-top:0px;}.kadence-column_3d21b4-10 > .kt-inside-inner-col{min-height:1097px;}.kadence-column_3d21b4-10 > .kt-inside-inner-col,.kadence-column_3d21b4-10 > .kt-inside-inner-col:before{border-top-left-radius:0px;border-top-right-radius:0px;border-bottom-right-radius:0px;border-bottom-left-radius:0px;}.kadence-column_3d21b4-10 > .kt-inside-inner-col:before{opacity:0.3;}.kadence-column_3d21b4-10{position:relative;}<\/style>\n<div class=\"wp-block-kadence-column kadence-column_3d21b4-10 inner-column-1\"><div class=\"kt-inside-inner-col\">\n<p style=\"padding-top:0;padding-right:0px;padding-bottom:0px;padding-left:0\"><strong>DONN\u00c9ES PERSONNELLES&nbsp;<\/strong><\/p>\n\n\n\n<p><strong>D\u00e9finitions&nbsp;<\/strong><br>L&rsquo;\u00c9diteur : La personne, physique ou morale, qui \u00e9dite les services de communication au public &nbsp;en ligne.&nbsp;<br>Le Site<strong> <\/strong>: L&rsquo;ensemble des sites, pages Internet et services en ligne propos\u00e9s par l&rsquo;\u00c9diteur. <br>L&rsquo;Utilisateur : La personne utilisant le Site et les services.&nbsp;<\/p>\n\n\n\n<p><strong>1- Nature des donn\u00e9es collect\u00e9es&nbsp;<\/strong><\/p>\n\n\n\n<p style=\"padding-top:0;padding-right:0;padding-bottom:0;padding-left:0\">Dans le cadre de l&rsquo;utilisation des Sites, l&rsquo;\u00c9diteur est susceptible de collecter les cat\u00e9gories &nbsp;de donn\u00e9es suivantes concernant ses Utilisateurs :&nbsp;<br><br>&#8211; Donn\u00e9es d&rsquo;\u00e9tat-civil, d&rsquo;identit\u00e9, d&rsquo;identification&#8230;&nbsp;<br>&#8211; Donn\u00e9es relatives \u00e0 la vie personnelle (habitudes de vie, situation familiale, hors donn\u00e9es &nbsp;sensibles ou dangereuses)&nbsp;<br>&#8211; Donn\u00e9es relatives \u00e0 la vie professionnelle (CV, scolarit\u00e9, formation professionnelle, &nbsp;distinctions&#8230;)&nbsp;<br>&#8211; Informations d&rsquo;ordre \u00e9conomique et financier (revenus, situation financi\u00e8re, situation fiscale&#8230;) Donn\u00e9es de connexion (adresses IP, journaux d&rsquo;\u00e9v\u00e9nements&#8230;)<br>&#8211; Donn\u00e9es de localisation (d\u00e9placements, donn\u00e9es GPS, GSM&#8230; &nbsp;<\/p>\n\n\n\n<p><strong>2- Communication des donn\u00e9es personnelles \u00e0 des&nbsp; tiers&nbsp;<\/strong><\/p>\n\n\n\n<p><strong>Communication aux autorit\u00e9s sur la base des obligations l\u00e9gales&nbsp;<\/strong> <br>Sur la base des obligations l\u00e9gales, vos donn\u00e9es personnelles pourront \u00eatre divulgu\u00e9es en&nbsp; application d&rsquo;une loi, d&rsquo;un r\u00e8glement ou en vertu d&rsquo;une d\u00e9cision d&rsquo;une autorit\u00e9 r\u00e9glementaire ou&nbsp; judiciaire comp\u00e9tente. De mani\u00e8re g\u00e9n\u00e9rale, nous nous engageons \u00e0 nous conformer \u00e0 toutes&nbsp;les r\u00e8gles l\u00e9gales qui pourraient emp\u00eacher, limiter ou r\u00e9glementer la diffusion d\u2019informations ou&nbsp; de donn\u00e9es et notamment \u00e0 se conformer \u00e0 la Loi n\u00b0 78-17 du 6 janvier 1978 relative \u00e0&nbsp; l&rsquo;informatique, aux fichiers et aux libert\u00e9s.&nbsp;<\/p>\n\n\n\n<p><strong>Communication \u00e0 des tiers pour sollicitation commerciale pour des produits et services &nbsp;\u00e9quivalents&nbsp;<\/strong><br>Si vous avez effectu\u00e9 un achat sur notre Site, nous pouvons, avec nos partenaires commerciaux&nbsp; et de mani\u00e8re occasionnelle, vous tenir inform\u00e9 de nos nouveaux produits, actualit\u00e9s et offres&nbsp; sp\u00e9ciales, par courriel, par courrier postal et par t\u00e9l\u00e9phone quant \u00e0 des produits ou services &nbsp;similaires aux produits ou services qui ont fait l&rsquo;objet de votre commande.&nbsp;<\/p>\n\n\n\n<p><strong>Communication \u00e0 des tiers sous forme agr\u00e9g\u00e9e et anonymis\u00e9e&nbsp;<\/strong><br>Vos donn\u00e9es personnelles pourront \u00eatre utilis\u00e9es pour enrichir nos bases de donn\u00e9es. Elles &nbsp;pourront \u00eatre transmises \u00e0 des tiers apr\u00e8s avoir \u00e9t\u00e9 anonymis\u00e9es et exclusivement \u00e0 des fins&nbsp; statistiques.&nbsp;<\/p>\n\n\n\n<p><strong>Communication \u00e0 des tiers partenaires&nbsp;<\/strong><br>Nous pouvons mettre certaines donn\u00e9es personnelles \u00e0 la disposition de partenaires &nbsp;strat\u00e9giques travaillant avec nous, pour la fourniture de produits et services ou nous aidant \u00e0&nbsp; commercialiser nos produits aupr\u00e8s des clients.&nbsp;<\/p>\n\n\n\n<p><strong>Communication \u00e0 des tiers avec restrictions li\u00e9es aux destinataires&nbsp;<\/strong><br>Les donn\u00e9es personnelles que vous nous communiquez lors de votre commande sont&nbsp; transmises \u00e0 nos fournisseurs et filiales pour le traitement de celle-ci. Ces informations sont &nbsp;consid\u00e9r\u00e9es par nos fournisseurs et filiales comme \u00e9tant strictement confidentielles. <\/p>\n\n\n\n<p><strong>Communication \u00e0 des tiers pour marketing direct&nbsp;<\/strong><br>Nous pouvons partager des informations avec des partenaires publicitaires afin de vous envoyer&nbsp; des communications promotionnelles, ou pour vous montrer plus de contenu sur mesure, y&nbsp; compris de la publicit\u00e9 pertinente pour les produits et services susceptibles de vous int\u00e9resser, et&nbsp; pour comprendre comment les utilisateurs interagissent avec les publicit\u00e9s.&nbsp;<\/p>\n\n\n\n<p><strong>3- Viralit\u00e9 des conditions de r\u00e9utilisation des &nbsp;donn\u00e9es personnelles&nbsp;<\/strong><\/p>\n\n\n\n<p><strong>Pas d&rsquo;engagement sur la viralit\u00e9 des conditions de r\u00e9utilisation&nbsp;<\/strong><br>En cas de communication de vos donn\u00e9es personnelles \u00e0 un tiers, les conditions de &nbsp;confidentialit\u00e9 du tiers s&rsquo;appliquent.&nbsp;<\/p>\n\n\n\n<p><strong>4- Information pr\u00e9alable pour la communication des &nbsp;donn\u00e9es personnelles \u00e0 des tiers en cas de fusion \/ &nbsp;absorption&nbsp;<\/strong><\/p>\n\n\n\n<p><strong>Information pr\u00e9alable et possibilit\u00e9 d\u2019opt-out avant et apr\u00e8s la fusion \/ acquisition <\/strong><br>Dans le cas o\u00f9 nous prendrions part \u00e0 une op\u00e9ration de fusion, d\u2019acquisition ou \u00e0 toute autre &nbsp;forme de cession d\u2019actifs, nous nous engageons \u00e0 garantir la confidentialit\u00e9 de vos donn\u00e9es&nbsp; personnelles et \u00e0 vous informer avant que celles-ci ne soient transf\u00e9r\u00e9es ou soumises \u00e0 de&nbsp; nouvelles r\u00e8gles de confidentialit\u00e9.<\/p>\n\n\n\n<p><strong>5- Agr\u00e9gation des donn\u00e9es&nbsp;<\/strong><\/p>\n\n\n\n<p><strong>Agr\u00e9gation avec des donn\u00e9es non personnelles&nbsp;<\/strong><br>Nous pouvons publier, divulguer et utiliser les informations agr\u00e9g\u00e9es (informations relatives \u00e0 &nbsp;tous nos Utilisateurs ou \u00e0 des groupes ou cat\u00e9gories sp\u00e9cifiques d&rsquo;Utilisateurs que nous &nbsp;combinons de mani\u00e8re \u00e0 ce qu&rsquo;un Utilisateur individuel ne puisse plus \u00eatre identifi\u00e9 ou &nbsp;mentionn\u00e9) et les informations non personnelles \u00e0 des fins d&rsquo;analyse du secteur et du march\u00e9, &nbsp;de profilage d\u00e9mographique, \u00e0 des fins promotionnelles et publicitaires et \u00e0 d&rsquo;autres fins &nbsp;commerciales.&nbsp;<\/p>\n\n\n\n<p><strong>Agr\u00e9gation avec des donn\u00e9es personnelles disponibles sur les comptes sociaux de &nbsp;l&rsquo;Utilisateur&nbsp;<\/strong><br>Si vous connectez votre compte \u00e0 un compte d\u2019un autre service afin de faire des envois crois\u00e9s, &nbsp;ledit service pourra nous communiquer vos informations de profil, de connexion, ainsi que toute &nbsp;autre information dont vous avez autoris\u00e9 la divulgation. Nous pouvons agr\u00e9ger les informations &nbsp;relatives \u00e0 tous nos autres Utilisateurs, groupes, comptes, aux donn\u00e9es personnelles disponibles &nbsp;sur l\u2019Utilisateur.&nbsp;<\/p>\n\n\n\n<p><strong>6- Collecte des donn\u00e9es d&rsquo;identit\u00e9&nbsp;<\/strong><\/p>\n\n\n\n<p><strong>Consultation libre&nbsp;<\/strong><br>La consultation du Site ne n\u00e9cessite pas d&rsquo;inscription ni d&rsquo;identification pr\u00e9alable. Elle peut&nbsp; s&rsquo;effectuer sans que vous ne communiquiez de donn\u00e9es nominatives vous concernant (nom,&nbsp; pr\u00e9nom, adresse, etc). Nous ne proc\u00e9dons \u00e0 aucun enregistrement de donn\u00e9es nominatives&nbsp; pour la simple consultation du Site.&nbsp;<\/p>\n\n\n\n<p><strong>7- Collecte des donn\u00e9es d&rsquo;identification&nbsp;<\/strong><\/p>\n\n\n\n<p><strong>Utilisation de l&rsquo;identifiant de l&rsquo;utilisateur pour proposition de mise en relation et offres&nbsp; commerciales&nbsp;<\/strong><br>Nous utilisons vos identifiants \u00e9lectroniques pour rechercher des relations pr\u00e9sentes par&nbsp; connexion, par adresse mail ou par services. Nous pouvons utiliser vos informations de contact&nbsp; pour permettre \u00e0 d&rsquo;autres personnes de trouver votre compte, notamment via des services tiers&nbsp; et des applications clientes. Vous pouvez t\u00e9l\u00e9charger votre carnet d&rsquo;adresses afin que nous&nbsp; soyons en mesure de vous aider \u00e0 trouver des connaissances sur notre r\u00e9seau ou pour&nbsp; permettre \u00e0 d&rsquo;autres Utilisateurs de notre r\u00e9seau de vous trouver. Nous pouvons vous proposer&nbsp; des suggestions, \u00e0 vous et \u00e0 d&rsquo;autres Utilisateurs du r\u00e9seau, \u00e0 partir des contacts import\u00e9s de&nbsp; votre carnet d\u2019adresses. Nous sommes susceptibles de travailler en partenariat avec des&nbsp; soci\u00e9t\u00e9s qui proposent des offres incitatives. Pour prendre en charge ce type de promotion et&nbsp; d&rsquo;offre incitative, nous sommes susceptibles de partager votre identifiant \u00e9lectronique.<\/p>\n\n\n\n<p><strong>8 &#8211; G\u00e9olocalisation&nbsp;<\/strong><\/p>\n\n\n\n<p><strong>G\u00e9olocalisation \u00e0 des fins de fourniture du service&nbsp;<\/strong><br>Nous collectons et traitons vos donn\u00e9es de g\u00e9olocalisation afin de vous fournir nos services.&nbsp; Nous pouvons \u00eatre amen\u00e9s \u00e0 faire usage des donn\u00e9es personnelles dans le but de d\u00e9terminer&nbsp; votre position g\u00e9ographique en temps r\u00e9el. Conform\u00e9ment \u00e0 votre droit d&rsquo;opposition pr\u00e9vu par la&nbsp; loi n\u00b078-17 du 6 janvier 1978 relative \u00e0 l&rsquo;informatique, aux fichiers et aux libert\u00e9s, vous avez la&nbsp; possibilit\u00e9, \u00e0 tout moment, de d\u00e9sactiver les fonctions relatives \u00e0 la g\u00e9olocalisation. <br><br><strong>G\u00e9olocalisation \u00e0 des fins de croisement&nbsp;<\/strong><br>Nous collectons et traitons vos donn\u00e9es de g\u00e9olocalisation afin de permettre \u00e0 nos services&nbsp; d&rsquo;identifier les points de croisement dans le temps et dans l&rsquo;espace avec d&rsquo;autres Utilisateurs du&nbsp; service afin de vous pr\u00e9senter le profil des Utilisateurs crois\u00e9s. Conform\u00e9ment \u00e0 votre droit&nbsp; d&rsquo;opposition pr\u00e9vu par la loi n\u00b078-17 du 6 janvier 1978 relative \u00e0 l&rsquo;informatique, aux fichiers et&nbsp; aux libert\u00e9s, vous avez la possibilit\u00e9, \u00e0 tout moment, de d\u00e9sactiver les fonctions relatives \u00e0 la&nbsp; g\u00e9olocalisation. Vous reconnaissez alors que le service ne sera plus en mesure de vous&nbsp; pr\u00e9senter de profil des autres Utilisateurs.&nbsp;<\/p>\n\n\n\n<p><strong>G\u00e9olocalisation avec mise \u00e0 disposition des partenaires pour r\u00e9f\u00e9rencement et agr\u00e9gation&nbsp; (avec opt-in)&nbsp;<\/strong><br>Nous pouvons collecter et traiter vos donn\u00e9es de g\u00e9olocalisation avec nos partenaires. Nous&nbsp; nous engageons \u00e0 anonymiser les donn\u00e9es utilis\u00e9es. Conform\u00e9ment \u00e0 votre droit d&rsquo;opposition&nbsp; pr\u00e9vu par la loi n\u00b078-17 du 6 janvier 1978 relative \u00e0 l&rsquo;informatique, aux fichiers et aux libert\u00e9s,&nbsp; vous avez la possibilit\u00e9, \u00e0 tout moment, de d\u00e9sactiver les fonctions relatives \u00e0 la&nbsp; g\u00e9olocalisation.&nbsp;<\/p>\n\n\n\n<p><strong>9- Collecte des donn\u00e9es du terminal&nbsp;<\/strong><\/p>\n\n\n\n<p><strong>Collecte des donn\u00e9es de profilage et des donn\u00e9es techniques \u00e0 des fins de fourniture&nbsp; du service&nbsp;<\/strong><br>Certaines des donn\u00e9es techniques de votre appareil sont collect\u00e9es automatiquement par le&nbsp; Site. Ces informations incluent notamment votre adresse IP, fournisseur d&rsquo;acc\u00e8s \u00e0 Internet,&nbsp; configuration mat\u00e9rielle, configuration logicielle, type et langue du navigateur&#8230; La collecte&nbsp; de ces donn\u00e9es est n\u00e9cessaire \u00e0 la fourniture des services.&nbsp;<\/p>\n\n\n\n<p><strong>Collecte des donn\u00e9es techniques \u00e0 des fins publicitaires, commerciales et&nbsp; statistiques&nbsp;<\/strong><br>Les donn\u00e9es techniques de votre appareil sont automatiquement collect\u00e9es et enregistr\u00e9es&nbsp; par le Site, \u00e0 des fins publicitaires, commerciales et statistiques. Ces informations nous&nbsp; aident \u00e0 personnaliser et \u00e0 am\u00e9liorer continuellement votre exp\u00e9rience sur notre Site. Nous&nbsp;ne collectons ni ne conservons aucune donn\u00e9e nominative (nom, pr\u00e9nom, adresse&#8230;)&nbsp; \u00e9ventuellement attach\u00e9e \u00e0 une donn\u00e9e technique. Les donn\u00e9es collect\u00e9es sont susceptibles&nbsp; d\u2019\u00eatre revendues \u00e0 des tiers.&nbsp;<\/p>\n\n\n\n<p><strong>10- Cookies&nbsp;<\/strong><\/p>\n\n\n\n<p><strong>Dur\u00e9e de conservation des cookies&nbsp;<\/strong><br>Conform\u00e9ment aux recommandations de la CNIL, la dur\u00e9e maximale de conservation des &nbsp;cookies est de 13 mois au maximum apr\u00e8s leur premier d\u00e9p\u00f4t dans le terminal de l&rsquo;Utilisateur, &nbsp;tout comme la dur\u00e9e de la validit\u00e9 du consentement de l\u2019Utilisateur \u00e0 l\u2019utilisation de ces cookies. &nbsp;La dur\u00e9e de vie des cookies n\u2019est pas prolong\u00e9e \u00e0 chaque visite. Le consentement de &nbsp;l\u2019Utilisateur devra donc \u00eatre renouvel\u00e9 \u00e0 l&rsquo;issue de ce d\u00e9lai.&nbsp;<\/p>\n\n\n\n<p><strong>Finalit\u00e9 cookies&nbsp;<\/strong><br>Les cookies peuvent \u00eatre utilis\u00e9s pour des fins statistiques notamment pour optimiser les &nbsp;services rendus \u00e0 l&rsquo;Utilisateur, \u00e0 partir du traitement des informations concernant la fr\u00e9quence &nbsp;d&rsquo;acc\u00e8s, la personnalisation des pages ainsi que les op\u00e9rations r\u00e9alis\u00e9es et les informations &nbsp;consult\u00e9es.&nbsp;Vous \u00eates inform\u00e9 que l&rsquo;\u00c9diteur est susceptible de d\u00e9poser des cookies sur votre terminal. Le &nbsp;cookie enregistre des informations relatives \u00e0 la navigation sur le service (les pages que vous &nbsp;avez consult\u00e9es, la date et l&rsquo;heure de la consultation&#8230;) que nous pourrons lire lors de vos visites &nbsp;ult\u00e9rieures.&nbsp;<\/p>\n\n\n\n<p><strong>Droit de l&rsquo;Utilisateur de refuser les cookies&nbsp;<\/strong><br>Vous reconnaissez avoir \u00e9t\u00e9 inform\u00e9 que l&rsquo;\u00c9diteur peut avoir recours \u00e0 des cookies. Si vous ne&nbsp; souhaitez pas que des cookies soient utilis\u00e9s sur votre terminal, la plupart des navigateurs vous &nbsp;permettent de d\u00e9sactiver les cookies en passant par les options de r\u00e9glage.&nbsp;<\/p>\n\n\n\n<p><strong>&nbsp;11- Conservation des donn\u00e9es techniques&nbsp;<\/strong><\/p>\n\n\n\n<p><strong>Dur\u00e9e de conservation des donn\u00e9es techniques&nbsp;<\/strong><br>Les donn\u00e9es techniques sont conserv\u00e9es pour la dur\u00e9e strictement n\u00e9cessaire \u00e0 la r\u00e9alisation &nbsp;des finalit\u00e9s vis\u00e9es ci-avant.&nbsp;<\/p>\n\n\n\n<p><strong>12- D\u00e9lai de conservation des donn\u00e9es&nbsp; personnelles et d&rsquo;anonymisation&nbsp;<\/strong><\/p>\n\n\n\n<p><strong>Conservation des donn\u00e9es pendant la dur\u00e9e de la relation contractuelle <\/strong><br>Conform\u00e9ment \u00e0 l&rsquo;article 6-5\u00b0 de la loi n\u00b078-17 du 6 janvier 1978 relative \u00e0 l&rsquo;informatique, aux&nbsp; fichiers et aux libert\u00e9s, les donn\u00e9es \u00e0 caract\u00e8re personnel faisant l&rsquo;objet d&rsquo;un traitement ne sont&nbsp; pas conserv\u00e9es au-del\u00e0 du temps n\u00e9cessaire \u00e0 l&rsquo;ex\u00e9cution des obligations d\u00e9finies lors de la&nbsp; conclusion du contrat ou de la dur\u00e9e pr\u00e9d\u00e9finie de la relation contractuelle. <\/p>\n\n\n\n<p><strong>Conservation des donn\u00e9es anonymis\u00e9es au del\u00e0 de la relation contractuelle \/ apr\u00e8s la&nbsp; suppression du compte&nbsp;<\/strong><br>Nous conservons les donn\u00e9es personnelles pour la dur\u00e9e strictement n\u00e9cessaire \u00e0 la r\u00e9alisation&nbsp; des finalit\u00e9s d\u00e9crites dans les pr\u00e9sentes Politiques de confidentialit\u00e9. Au-del\u00e0 de cette dur\u00e9e,&nbsp; elles seront anonymis\u00e9es et conserv\u00e9es \u00e0 des fins exclusivement statistiques et ne donneront&nbsp; lieu \u00e0 aucune exploitation, de quelque nature que ce soit.&nbsp;<\/p>\n\n\n\n<p><strong>Suppression des donn\u00e9es apr\u00e8s suppression du compte&nbsp;<\/strong><br>Des moyens de purge de donn\u00e9es sont mis en place afin d&rsquo;en pr\u00e9voir la suppression effective&nbsp;d\u00e8s lors que la dur\u00e9e de conservation ou d&rsquo;archivage n\u00e9cessaire \u00e0 l&rsquo;accomplissement des &nbsp;finalit\u00e9s d\u00e9termin\u00e9es ou impos\u00e9es est atteinte. Conform\u00e9ment \u00e0 la loi n\u00b078-17 du 6 janvier 1978 &nbsp;relative \u00e0 l&rsquo;informatique, aux fichiers et aux libert\u00e9s, vous disposez par ailleurs d&rsquo;un droit de &nbsp;suppression sur vos donn\u00e9es que vous pouvez exercer \u00e0 tout moment en prenant contact avec &nbsp;l&rsquo;\u00c9diteur.&nbsp;<\/p>\n\n\n\n<p><strong>Suppression des donn\u00e9es apr\u00e8s 3 ans d&rsquo;inactivit\u00e9&nbsp;<\/strong><br>Pour des raisons de s\u00e9curit\u00e9, si vous ne vous \u00eates pas authentifi\u00e9 sur le Site pendant une &nbsp;p\u00e9riode de trois ans, vous recevrez un e-mail vous invitant \u00e0 vous connecter dans les plus brefs &nbsp;d\u00e9lais, sans quoi vos donn\u00e9es seront supprim\u00e9es de nos bases de donn\u00e9es.&nbsp;<\/p>\n\n\n\n<p><strong>13- Suppression du compte&nbsp;<\/strong><\/p>\n\n\n\n<p><strong>Suppression du compte \u00e0 la demande&nbsp;<\/strong><br>L&rsquo;Utilisateur a la possibilit\u00e9 de supprimer son Compte \u00e0 tout moment, par simple demande \u00e0 &nbsp;l&rsquo;\u00c9diteur OU par le menu de suppression de Compte pr\u00e9sent dans les param\u00e8tres du Compte le &nbsp;cas \u00e9ch\u00e9ant.&nbsp;<\/p>\n\n\n\n<p><strong>Suppression du compte en cas de violation de la Politique de Confidentialit\u00e9 <\/strong><br>En cas de violation d&rsquo;une ou de plusieurs dispositions de la Politique de Confidentialit\u00e9 ou de tout &nbsp;autre document incorpor\u00e9 aux pr\u00e9sentes par r\u00e9f\u00e9rence, l&rsquo;\u00c9diteur se r\u00e9serve le droit de mettre fin &nbsp;ou restreindre sans aucun avertissement pr\u00e9alable et \u00e0 sa seule discr\u00e9tion, votre usage et acc\u00e8s &nbsp;aux services, \u00e0 votre compte et \u00e0 tous les Sites.&nbsp;<\/p>\n\n\n\n<p><strong>14- Indications en cas de faille de s\u00e9curit\u00e9 d\u00e9cel\u00e9e&nbsp; par l&rsquo;\u00c9diteur&nbsp;<\/strong><\/p>\n\n\n\n<p><strong>Information de l&rsquo;Utilisateur en cas de faille de s\u00e9curit\u00e9&nbsp;<\/strong><br>Nous nous engageons \u00e0 mettre en \u0153uvre toutes les mesures techniques et organisationnelles &nbsp;appropri\u00e9es afin de garantir un niveau de s\u00e9curit\u00e9 adapt\u00e9 au regard des risques d&rsquo;acc\u00e8s &nbsp;accidentels, non autoris\u00e9s ou ill\u00e9gaux, de divulgation, d&rsquo;alt\u00e9ration, de perte ou encore de &nbsp;destruction des donn\u00e9es personnelles vous concernant. Dans l&rsquo;\u00e9ventualit\u00e9 o\u00f9 nous prendrions &nbsp;connaissance d&rsquo;un acc\u00e8s ill\u00e9gal aux donn\u00e9es personnelles vous concernant stock\u00e9es sur nos &nbsp;serveurs ou ceux de nos prestataires, ou d&rsquo;un acc\u00e8s non autoris\u00e9 ayant pour cons\u00e9quence la &nbsp;r\u00e9alisation des risques identifi\u00e9s ci-dessus, nous nous engageons \u00e0 :&nbsp;<\/p>\n\n\n\n<ul>\n<li>Vous notifier l&rsquo;incident dans les plus brefs d\u00e9lais ;&nbsp;<\/li>\n\n\n\n<li>Examiner les causes de l&rsquo;incident et vous en informer ;&nbsp;<\/li>\n\n\n\n<li>Prendre les mesures n\u00e9cessaires dans la limite du raisonnable afin d&rsquo;amoindrir les effets n\u00e9gatifs &nbsp;et pr\u00e9judices pouvant r\u00e9sulter dudit incident.&nbsp;<\/li>\n<\/ul>\n\n\n\n<p><strong>Limitation de la responsabilit\u00e9&nbsp;<\/strong><br>En aucun cas les engagements d\u00e9finis au point ci-dessus relatifs \u00e0 la notification en cas de faille &nbsp;de s\u00e9curit\u00e9 ne peuvent \u00eatre assimil\u00e9s \u00e0 une quelconque reconnaissance de faute ou de &nbsp;responsabilit\u00e9 quant \u00e0 la survenance de l&rsquo;incident en question.&nbsp;<\/p>\n\n\n\n<p><strong>15- Transfert des donn\u00e9es personnelles \u00e0 l&rsquo;\u00e9tranger&nbsp;<\/strong><\/p>\n\n\n\n<p><strong>Pas de transfert en dehors de l&rsquo;Union europ\u00e9enne&nbsp;<\/strong><br>L&rsquo;\u00c9diteur s&rsquo;engage \u00e0 ne pas transf\u00e9rer les donn\u00e9es personnelles de ses Utilisateurs en dehors&nbsp; de l&rsquo;Union europ\u00e9enne.&nbsp;<br><a href=\"https:\/\/www.cnil.fr\/fr\/la-protection-des-donnees-dans-le-mondehttps:\/\/www.cnil.fr\/fr\/la-protection des-donnees-dans-le-monde\">https:\/\/www.cnil.fr\/fr\/la-protection-des-donnees-dans-le-mondehttps:\/\/www.cnil.fr\/fr\/la-protection des-donnees-dans-le-monde<\/a><\/p>\n\n\n\n<p><strong>16- Modification de la politique de confidentialit\u00e9&nbsp;<\/strong><\/p>\n\n\n\n<p><strong>En cas de modification de la pr\u00e9sente Politique de Confidentialit\u00e9, engagement de ne pas &nbsp;baisser le niveau de confidentialit\u00e9 de mani\u00e8re substantielle sans l&rsquo;information pr\u00e9alable &nbsp;des personnes concern\u00e9es&nbsp;<\/strong><br>Nous nous engageons \u00e0 vous informer en cas de modification substantielle de la pr\u00e9sente &nbsp;Politique de Confidentialit\u00e9, et \u00e0 ne pas baisser le niveau de confidentialit\u00e9 de vos donn\u00e9es de &nbsp;mani\u00e8re substantielle sans vous en informer et obtenir votre consentement.&nbsp;<\/p>\n\n\n\n<p><strong>17- Droit applicable et modalit\u00e9s de recours&nbsp;<\/strong><\/p>\n\n\n\n<p><strong>Clause d&rsquo;arbitrage&nbsp;<\/strong><br>Vous acceptez express\u00e9ment que tout litige susceptible de na\u00eetre du fait de la pr\u00e9sente Politique &nbsp;de Confidentialit\u00e9, notamment de son interpr\u00e9tation ou de son ex\u00e9cution, rel\u00e8vera d&rsquo;une &nbsp;proc\u00e9dure d&rsquo;arbitrage soumise au r\u00e8glement de la plateforme d&rsquo;arbitrage choisie d&rsquo;un commun &nbsp;accord, auquel vous adh\u00e9rerez sans r\u00e9serve.&nbsp;<\/p>\n\n\n\n<p><strong>18- Portabilit\u00e9 des donn\u00e9es&nbsp;&nbsp;<\/strong><\/p>\n\n\n\n<p><strong>Portabilit\u00e9 des donn\u00e9es&nbsp;<\/strong><br>L&rsquo;\u00c9diteur s&rsquo;engage \u00e0 vous offrir la possibilit\u00e9 de vous faire restituer l&rsquo;ensemble des donn\u00e9es&nbsp; vous concernant sur simple demande. L&rsquo;Utilisateur se voit ainsi garantir une meilleure&nbsp; ma\u00eetrise de ses donn\u00e9es, et garde la possibilit\u00e9 de les r\u00e9utiliser. Ces donn\u00e9es devront \u00eatre&nbsp; fournies dans un format ouvert et ais\u00e9ment r\u00e9utilisable.<\/p>\n<\/div><\/div>\n\n<\/div><\/div>","protected":false},"excerpt":{"rendered":"<p>DONN\u00c9ES PERSONNELLES&nbsp; D\u00e9finitions&nbsp;L&rsquo;\u00c9diteur : La personne, physique ou morale, qui \u00e9dite les services de communication au public &nbsp;en ligne.&nbsp;Le Site : L&rsquo;ensemble des sites, pages Internet et services en ligne propos\u00e9s par l&rsquo;\u00c9diteur. L&rsquo;Utilisateur : La personne utilisant le Site et les services.&nbsp; 1- Nature des donn\u00e9es collect\u00e9es&nbsp; Dans le cadre de l&rsquo;utilisation des Sites,&#8230;<\/p>\n","protected":false},"author":1,"featured_media":0,"parent":0,"menu_order":0,"comment_status":"closed","ping_status":"closed","template":"","meta":{"_kad_blocks_custom_css":"","_kad_blocks_head_custom_js":"","_kad_blocks_body_custom_js":"","_kad_blocks_footer_custom_js":"","_kad_post_transparent":"","_kad_post_title":"","_kad_post_layout":"","_kad_post_sidebar_id":"","_kad_post_content_style":"","_kad_post_vertical_padding":"","_kad_post_feature":"","_kad_post_feature_position":"","_kad_post_header":false,"_kad_post_footer":false,"footnotes":""},"taxonomy_info":[],"featured_image_src_large":false,"author_info":{"display_name":"kober.dirk@gmail.com","author_link":"https:\/\/facibloc-11-34.fr\/?author=1"},"comment_info":0,"_links":{"self":[{"href":"https:\/\/facibloc-11-34.fr\/index.php?rest_route=\/wp\/v2\/pages\/3"}],"collection":[{"href":"https:\/\/facibloc-11-34.fr\/index.php?rest_route=\/wp\/v2\/pages"}],"about":[{"href":"https:\/\/facibloc-11-34.fr\/index.php?rest_route=\/wp\/v2\/types\/page"}],"author":[{"embeddable":true,"href":"https:\/\/facibloc-11-34.fr\/index.php?rest_route=\/wp\/v2\/users\/1"}],"replies":[{"embeddable":true,"href":"https:\/\/facibloc-11-34.fr\/index.php?rest_route=%2Fwp%2Fv2%2Fcomments&post=3"}],"version-history":[{"count":11,"href":"https:\/\/facibloc-11-34.fr\/index.php?rest_route=\/wp\/v2\/pages\/3\/revisions"}],"predecessor-version":[{"id":3493,"href":"https:\/\/facibloc-11-34.fr\/index.php?rest_route=\/wp\/v2\/pages\/3\/revisions\/3493"}],"wp:attachment":[{"href":"https:\/\/facibloc-11-34.fr\/index.php?rest_route=%2Fwp%2Fv2%2Fmedia&parent=3"}],"curies":[{"name":"wp","href":"https:\/\/api.w.org\/{rel}","templated":true}]}}